{"id":2,"date":"2025-06-06T14:54:51","date_gmt":"2025-06-06T14:54:51","guid":{"rendered":"https:\/\/peluqueriamorea.rkinformatika.online\/?page_id=2"},"modified":"2026-03-03T11:45:54","modified_gmt":"2026-03-03T11:45:54","slug":"inicio","status":"publish","type":"page","link":"https:\/\/peluqueriamorea.es\/eu\/","title":{"rendered":"Hasiera"},"content":{"rendered":"<div data-elementor-type=\"wp-page\" data-elementor-id=\"2\" class=\"elementor elementor-2\" data-elementor-post-type=\"page\">\n\t\t\t\t<div class=\"elementor-element elementor-element-65dfdc0 e-con-full e-flex elementor-invisible e-con e-parent\" data-id=\"65dfdc0\" data-element_type=\"container\" data-e-type=\"container\" data-settings=\"{&quot;background_background&quot;:&quot;classic&quot;,&quot;animation&quot;:&quot;fadeIn&quot;}\">\n\t\t<div class=\"elementor-element elementor-element-8491659 e-con-full e-flex e-con e-child\" data-id=\"8491659\" data-element_type=\"container\" data-e-type=\"container\">\n\t\t<div class=\"elementor-element elementor-element-c7ded44 e-con-full e-flex e-con e-child\" data-id=\"c7ded44\" data-element_type=\"container\" data-e-type=\"container\">\n\t\t<div class=\"elementor-element elementor-element-0a33fe9 e-con-full animated-slow e-flex elementor-invisible e-con e-child\" data-id=\"0a33fe9\" data-element_type=\"container\" data-e-type=\"container\" data-settings=\"{&quot;animation&quot;:&quot;fadeInDown&quot;}\">\n\t\t\t\t<div class=\"elementor-element elementor-element-89ed4a8 elementor-widget-tablet__width-initial elementor-widget-mobile__width-initial animated-slow elementor-widget elementor-widget-heading\" data-id=\"89ed4a8\" data-element_type=\"widget\" data-e-type=\"widget\" data-settings=\"{&quot;_animation_tablet&quot;:&quot;fadeInDown&quot;,&quot;_animation&quot;:&quot;none&quot;}\" data-widget_type=\"heading.default\">\n\t\t\t\t<div class=\"elementor-widget-container\">\n\t\t\t\t\t<h1 class=\"elementor-heading-title elementor-size-default\">Ongi etorri Morea Ile apaindegira<\/h1>\t\t\t\t<\/div>\n\t\t\t\t<\/div>\n\t\t\t\t<div class=\"elementor-element elementor-element-04cf810 elementor-widget-tablet__width-initial elementor-widget-mobile__width-initial animated-slow elementor-widget elementor-widget-heading\" data-id=\"04cf810\" data-element_type=\"widget\" data-e-type=\"widget\" data-settings=\"{&quot;_animation_tablet&quot;:&quot;fadeInDown&quot;,&quot;_animation&quot;:&quot;none&quot;}\" data-widget_type=\"heading.default\">\n\t\t\t\t<div class=\"elementor-widget-container\">\n\t\t\t\t\t<h2 class=\"elementor-heading-title elementor-size-default\">Edertasun naturala 1998tik, zure ileak merezi duen zaintzarekin.<\/h2>\t\t\t\t<\/div>\n\t\t\t\t<\/div>\n\t\t\t\t<\/div>\n\t\t\t\t<div class=\"elementor-element elementor-element-e10e4ad animated-slow elementor-invisible elementor-widget elementor-widget-button\" data-id=\"e10e4ad\" data-element_type=\"widget\" data-e-type=\"widget\" data-settings=\"{&quot;_animation&quot;:&quot;fadeInUp&quot;,&quot;_animation_delay&quot;:1000}\" data-widget_type=\"button.default\">\n\t\t\t\t<div class=\"elementor-widget-container\">\n\t\t\t\t\t\t\t\t\t<div class=\"elementor-button-wrapper\">\n\t\t\t\t\t<a class=\"elementor-button elementor-button-link elementor-size-sm\" href=\"tel:%20944%20450%20061\" target=\"_blank\">\n\t\t\t\t\t\t<span class=\"elementor-button-content-wrapper\">\n\t\t\t\t\t\t\t\t\t<span class=\"elementor-button-text\">Jarri nirekin harremanetan<\/span>\n\t\t\t\t\t<\/span>\n\t\t\t\t\t<\/a>\n\t\t\t\t<\/div>\n\t\t\t\t\t\t\t\t<\/div>\n\t\t\t\t<\/div>\n\t\t\t\t<\/div>\n\t\t<div class=\"elementor-element elementor-element-985280f e-con-full e-flex e-con e-child\" data-id=\"985280f\" data-element_type=\"container\" data-e-type=\"container\">\n\t\t\t\t<\/div>\n\t\t\t\t<\/div>\n\t\t\t\t<\/div>\n\t\t<div class=\"elementor-element elementor-element-cf48e81 e-flex e-con-boxed e-con e-parent\" data-id=\"cf48e81\" data-element_type=\"container\" data-e-type=\"container\">\n\t\t\t\t\t<div class=\"e-con-inner\">\n\t\t<div class=\"elementor-element elementor-element-b155104 e-con-full e-flex e-con e-child\" data-id=\"b155104\" data-element_type=\"container\" data-e-type=\"container\" data-settings=\"{&quot;background_background&quot;:&quot;classic&quot;}\">\n\t\t<div class=\"elementor-element elementor-element-5ec5024 e-con-full e-flex e-con e-child\" data-id=\"5ec5024\" data-element_type=\"container\" data-e-type=\"container\" data-settings=\"{&quot;background_background&quot;:&quot;classic&quot;}\">\n\t\t<div class=\"elementor-element elementor-element-38b975a e-con-full animated-slow e-flex elementor-invisible e-con e-child\" data-id=\"38b975a\" data-element_type=\"container\" data-e-type=\"container\" data-settings=\"{&quot;animation&quot;:&quot;fadeInRight&quot;,&quot;background_background&quot;:&quot;classic&quot;}\">\n\t\t\t\t<div class=\"elementor-element elementor-element-8922b26 elementor-widget elementor-widget-image\" data-id=\"8922b26\" data-element_type=\"widget\" data-e-type=\"widget\" data-widget_type=\"image.default\">\n\t\t\t\t<div class=\"elementor-widget-container\">\n\t\t\t\t\t\t\t\t\t\t\t\t\t\t\t<img decoding=\"async\" src=\"https:\/\/peluqueriamorea.es\/wp-content\/uploads\/2025\/06\/ChatGPT-Image-9-de-jun.-de-2025-17_03_31.png\" title=\"ChatGPT Image 9 de jun. de 2025, 17_03_31\" alt=\"ChatGPT Image 9 de jun. de 2025, 17_03_31\" loading=\"lazy\" \/>\t\t\t\t\t\t\t\t\t\t\t\t\t\t\t<\/div>\n\t\t\t\t<\/div>\n\t\t\t\t<\/div>\n\t\t<div class=\"elementor-element elementor-element-ea64d5b e-con-full animated-slow e-flex elementor-invisible e-con e-child\" data-id=\"ea64d5b\" data-element_type=\"container\" data-e-type=\"container\" data-settings=\"{&quot;animation&quot;:&quot;fadeInLeft&quot;}\">\n\t\t\t\t<div class=\"elementor-element elementor-element-ad19c49 elementor-widget__width-initial elementor-widget elementor-widget-text-editor\" data-id=\"ad19c49\" data-element_type=\"widget\" data-e-type=\"widget\" data-widget_type=\"text-editor.default\">\n\t\t\t\t<div class=\"elementor-widget-container\">\n\t\t\t\t\t\t\t\t\t<p>1998tik, Morea Pelukerian zure irudia eta ongizatea zaintzen dugu auzoaren bihotzean. Kalitatearekin, hurbiltasunarekin eta, duela urte batzuetatik, edertasun osasungarri eta kontzienteagoarekin konprometitutako ile-apaindegi mistoa gara.<\/p><p>Produktu ekologikoetako espezialistak<br \/>Ekologiaren munduan indarrez sartu gara. Gaur egun, gure zerbitzu nagusiak \u2014 tinduak, metxak, lisatuak eta tratamenduak \u2014 produktu ekologikoekin egiten dira, zure ilea eta ingurumena errespetatuz.<\/p><p>Une bakoitzerako zerbitzuak<br \/>Era guztietako orrazkerak egiten ditugu: egunerokotasunerako, ezkontzetarako, jaunartzeetarako eta ekitaldi berezietarako. Mozketa modernoak, ilearen tratamenduak eta zure estilora egokitutako kolore ekologikoak ere eskaintzen ditugu.<\/p><p>Etxez etxeko zerbitzua<br \/>Nahiago duzu zuregana joatea? Etxez etxeko zerbitzua dugu, zure erosotasunerako.<\/p><p>Casta\u00f1os 3 lonjan gaude<br \/>Zatoz gu ezagutzera eta ezagutu espazio bat non zure ilea protagonista den eta gertuko tratua, gure nortasun ikurra.<\/p>\t\t\t\t\t\t\t\t<\/div>\n\t\t\t\t<\/div>\n\t\t\t\t<div class=\"elementor-element elementor-element-b5d13de elementor-widget-divider--view-line elementor-widget elementor-widget-divider\" data-id=\"b5d13de\" data-element_type=\"widget\" data-e-type=\"widget\" data-widget_type=\"divider.default\">\n\t\t\t\t<div class=\"elementor-widget-container\">\n\t\t\t\t\t\t\t<div class=\"elementor-divider\">\n\t\t\t<span class=\"elementor-divider-separator\">\n\t\t\t\t\t\t<\/span>\n\t\t<\/div>\n\t\t\t\t\t\t<\/div>\n\t\t\t\t<\/div>\n\t\t<div class=\"elementor-element elementor-element-d810b98 e-con-full e-flex e-con e-child\" data-id=\"d810b98\" data-element_type=\"container\" data-e-type=\"container\">\n\t\t\t\t<div class=\"elementor-element elementor-element-1aa6cae elementor-widget-tablet__width-initial elementor-widget-mobile__width-initial animated-slow elementor-widget elementor-widget-heading\" data-id=\"1aa6cae\" data-element_type=\"widget\" data-e-type=\"widget\" data-settings=\"{&quot;_animation&quot;:&quot;none&quot;,&quot;_animation_tablet&quot;:&quot;none&quot;,&quot;_animation_mobile&quot;:&quot;none&quot;}\" data-widget_type=\"heading.default\">\n\t\t\t\t<div class=\"elementor-widget-container\">\n\t\t\t\t\t<h3 class=\"elementor-heading-title elementor-size-default\">Ezagutu gaitzazu<\/h3>\t\t\t\t<\/div>\n\t\t\t\t<\/div>\n\t\t\t\t<\/div>\n\t\t\t\t<\/div>\n\t\t\t\t<\/div>\n\t\t\t\t<\/div>\n\t\t\t\t\t<\/div>\n\t\t\t\t<\/div>\n\t\t<div class=\"elementor-element elementor-element-da37653 e-con-full e-flex elementor-invisible e-con e-parent\" data-id=\"da37653\" data-element_type=\"container\" data-e-type=\"container\" data-settings=\"{&quot;background_background&quot;:&quot;classic&quot;,&quot;animation&quot;:&quot;fadeIn&quot;}\">\n\t\t<div class=\"elementor-element elementor-element-80ad580 e-con-full e-flex e-con e-child\" data-id=\"80ad580\" data-element_type=\"container\" data-e-type=\"container\">\n\t\t<div class=\"elementor-element elementor-element-94a35f9 e-con-full animated-slow e-flex elementor-invisible e-con e-child\" data-id=\"94a35f9\" data-element_type=\"container\" data-e-type=\"container\" data-settings=\"{&quot;animation&quot;:&quot;fadeInDown&quot;}\">\n\t\t\t\t<div class=\"elementor-element elementor-element-29e1087 elementor-widget-tablet__width-initial elementor-widget-mobile__width-initial animated-slow elementor-widget elementor-widget-heading\" data-id=\"29e1087\" data-element_type=\"widget\" data-e-type=\"widget\" data-settings=\"{&quot;_animation_tablet&quot;:&quot;fadeInDown&quot;,&quot;_animation&quot;:&quot;none&quot;}\" data-widget_type=\"heading.default\">\n\t\t\t\t<div class=\"elementor-widget-container\">\n\t\t\t\t\t<h1 class=\"elementor-heading-title elementor-size-default\">Ezagutu zure look berria gaur<\/h1>\t\t\t\t<\/div>\n\t\t\t\t<\/div>\n\t\t\t\t<div class=\"elementor-element elementor-element-01ca717 elementor-widget-tablet__width-initial elementor-widget-mobile__width-initial animated-slow elementor-widget elementor-widget-heading\" data-id=\"01ca717\" data-element_type=\"widget\" data-e-type=\"widget\" data-settings=\"{&quot;_animation_tablet&quot;:&quot;fadeInDown&quot;,&quot;_animation&quot;:&quot;none&quot;}\" data-widget_type=\"heading.default\">\n\t\t\t\t<div class=\"elementor-widget-container\">\n\t\t\t\t\t<h1 class=\"elementor-heading-title elementor-size-default\">Ezagutu nola lagun diezazukedan<\/h1>\t\t\t\t<\/div>\n\t\t\t\t<\/div>\n\t\t\t\t<\/div>\n\t\t\t\t<div class=\"elementor-element elementor-element-aa725b0 animated-slow elementor-invisible elementor-widget elementor-widget-button\" data-id=\"aa725b0\" data-element_type=\"widget\" data-e-type=\"widget\" data-settings=\"{&quot;_animation&quot;:&quot;fadeInUp&quot;,&quot;_animation_delay&quot;:1000}\" data-widget_type=\"button.default\">\n\t\t\t\t<div class=\"elementor-widget-container\">\n\t\t\t\t\t\t\t\t\t<div class=\"elementor-button-wrapper\">\n\t\t\t\t\t<a class=\"elementor-button elementor-button-link elementor-size-sm\" href=\"https:\/\/peluqueriamorea.es\/eu\/servicios\/\">\n\t\t\t\t\t\t<span class=\"elementor-button-content-wrapper\">\n\t\t\t\t\t\t\t\t\t<span class=\"elementor-button-text\">Ikusi zerbitzuak<\/span>\n\t\t\t\t\t<\/span>\n\t\t\t\t\t<\/a>\n\t\t\t\t<\/div>\n\t\t\t\t\t\t\t\t<\/div>\n\t\t\t\t<\/div>\n\t\t\t\t<\/div>\n\t\t\t\t<\/div>\n\t\t\t\t<\/div>","protected":false},"excerpt":{"rendered":"<p>Bienvenida a Morea Peluquer\u00eda Belleza natural desde 1998, con el cuidado que tu cabello merece. Cont\u00e1ctame Desde 1998, en Morea Peluquer\u00eda cuidamos de tu imagen y bienestar en el coraz\u00f3n del barrio. Somos una peluquer\u00eda mixta comprometida con la calidad, la cercan\u00eda y, desde hace algunos a\u00f1os, con una belleza m\u00e1s saludable y consciente. Especialistas [&hellip;]<\/p>\n","protected":false},"author":1,"featured_media":0,"parent":0,"menu_order":0,"comment_status":"closed","ping_status":"closed","template":"elementor_canvas","meta":{"footnotes":""},"class_list":["post-2","page","type-page","status-publish","hentry"],"yoast_head":"<!-- This site is optimized with the Yoast SEO plugin v27.3 - https:\/\/yoast.com\/product\/yoast-seo-wordpress\/ -->\n<title>Inicio - Peluqueria Morea<\/title>\n<meta name=\"robots\" content=\"index, follow, max-snippet:-1, max-image-preview:large, max-video-preview:-1\" \/>\n<link rel=\"canonical\" href=\"https:\/\/peluqueriamorea.es\/eu\/\" \/>\n<meta property=\"og:locale\" content=\"en_US\" \/>\n<meta property=\"og:type\" content=\"article\" \/>\n<meta property=\"og:title\" content=\"Inicio - Peluqueria Morea\" \/>\n<meta property=\"og:description\" content=\"Bienvenida a Morea Peluquer\u00eda Belleza natural desde 1998, con el cuidado que tu cabello merece. Cont\u00e1ctame Desde 1998, en Morea Peluquer\u00eda cuidamos de tu imagen y bienestar en el coraz\u00f3n del barrio. Somos una peluquer\u00eda mixta comprometida con la calidad, la cercan\u00eda y, desde hace algunos a\u00f1os, con una belleza m\u00e1s saludable y consciente. Especialistas [&hellip;]\" \/>\n<meta property=\"og:url\" content=\"https:\/\/peluqueriamorea.es\/eu\/\" \/>\n<meta property=\"og:site_name\" content=\"Peluqueria Morea\" \/>\n<meta property=\"article:modified_time\" content=\"2026-03-03T11:45:54+00:00\" \/>\n<meta property=\"og:image\" content=\"https:\/\/peluqueriamorea.es\/wp-content\/uploads\/2025\/06\/ChatGPT-Image-9-de-jun.-de-2025-17_03_31.png\" \/>\n<meta name=\"twitter:card\" content=\"summary_large_image\" \/>\n<meta name=\"twitter:label1\" content=\"Est. reading time\" \/>\n\t<meta name=\"twitter:data1\" content=\"1 minutua\" \/>\n<script type=\"application\/ld+json\" class=\"yoast-schema-graph\">{\"@context\":\"https:\\\/\\\/schema.org\",\"@graph\":[{\"@type\":\"WebPage\",\"@id\":\"https:\\\/\\\/peluqueriamorea.es\\\/\",\"url\":\"https:\\\/\\\/peluqueriamorea.es\\\/\",\"name\":\"Inicio - Peluqueria Morea\",\"isPartOf\":{\"@id\":\"https:\\\/\\\/peluqueriamorea.es\\\/#website\"},\"primaryImageOfPage\":{\"@id\":\"https:\\\/\\\/peluqueriamorea.es\\\/#primaryimage\"},\"image\":{\"@id\":\"https:\\\/\\\/peluqueriamorea.es\\\/#primaryimage\"},\"thumbnailUrl\":\"https:\\\/\\\/peluqueriamorea.es\\\/wp-content\\\/uploads\\\/2025\\\/06\\\/ChatGPT-Image-9-de-jun.-de-2025-17_03_31.png\",\"datePublished\":\"2025-06-06T14:54:51+00:00\",\"dateModified\":\"2026-03-03T11:45:54+00:00\",\"breadcrumb\":{\"@id\":\"https:\\\/\\\/peluqueriamorea.es\\\/#breadcrumb\"},\"inLanguage\":\"eu\",\"potentialAction\":[{\"@type\":\"ReadAction\",\"target\":[\"https:\\\/\\\/peluqueriamorea.es\\\/\"]}]},{\"@type\":\"ImageObject\",\"inLanguage\":\"eu\",\"@id\":\"https:\\\/\\\/peluqueriamorea.es\\\/#primaryimage\",\"url\":\"https:\\\/\\\/peluqueriamorea.es\\\/wp-content\\\/uploads\\\/2025\\\/06\\\/ChatGPT-Image-9-de-jun.-de-2025-17_03_31.png\",\"contentUrl\":\"https:\\\/\\\/peluqueriamorea.es\\\/wp-content\\\/uploads\\\/2025\\\/06\\\/ChatGPT-Image-9-de-jun.-de-2025-17_03_31.png\"},{\"@type\":\"BreadcrumbList\",\"@id\":\"https:\\\/\\\/peluqueriamorea.es\\\/#breadcrumb\",\"itemListElement\":[{\"@type\":\"ListItem\",\"position\":1,\"name\":\"Portada\",\"item\":\"https:\\\/\\\/peluqueriamorea.es\\\/\"},{\"@type\":\"ListItem\",\"position\":2,\"name\":\"Inicio\"}]},{\"@type\":\"WebSite\",\"@id\":\"https:\\\/\\\/peluqueriamorea.es\\\/#website\",\"url\":\"https:\\\/\\\/peluqueriamorea.es\\\/\",\"name\":\"Peluqueria Morea\",\"description\":\"\",\"publisher\":{\"@id\":\"https:\\\/\\\/peluqueriamorea.es\\\/#organization\"},\"potentialAction\":[{\"@type\":\"SearchAction\",\"target\":{\"@type\":\"EntryPoint\",\"urlTemplate\":\"https:\\\/\\\/peluqueriamorea.es\\\/?s={search_term_string}\"},\"query-input\":{\"@type\":\"PropertyValueSpecification\",\"valueRequired\":true,\"valueName\":\"search_term_string\"}}],\"inLanguage\":\"eu\"},{\"@type\":\"Organization\",\"@id\":\"https:\\\/\\\/peluqueriamorea.es\\\/#organization\",\"name\":\"Peluqueria Morea\",\"url\":\"https:\\\/\\\/peluqueriamorea.es\\\/\",\"logo\":{\"@type\":\"ImageObject\",\"inLanguage\":\"eu\",\"@id\":\"https:\\\/\\\/peluqueriamorea.es\\\/#\\\/schema\\\/logo\\\/image\\\/\",\"url\":\"https:\\\/\\\/peluqueriamorea.es\\\/wp-content\\\/uploads\\\/2025\\\/06\\\/cropped-ChatGPT-Image-6-de-jun.-de-2025-17_22_33.png\",\"contentUrl\":\"https:\\\/\\\/peluqueriamorea.es\\\/wp-content\\\/uploads\\\/2025\\\/06\\\/cropped-ChatGPT-Image-6-de-jun.-de-2025-17_22_33.png\",\"width\":799,\"height\":760,\"caption\":\"Peluqueria Morea\"},\"image\":{\"@id\":\"https:\\\/\\\/peluqueriamorea.es\\\/#\\\/schema\\\/logo\\\/image\\\/\"}}]}<\/script>\n<!-- \/ Yoast SEO plugin. -->","yoast_head_json":{"title":"Inicio - Peluqueria Morea","robots":{"index":"index","follow":"follow","max-snippet":"max-snippet:-1","max-image-preview":"max-image-preview:large","max-video-preview":"max-video-preview:-1"},"canonical":"https:\/\/peluqueriamorea.es\/eu\/","og_locale":"en_US","og_type":"article","og_title":"Inicio - Peluqueria Morea","og_description":"Bienvenida a Morea Peluquer\u00eda Belleza natural desde 1998, con el cuidado que tu cabello merece. Cont\u00e1ctame Desde 1998, en Morea Peluquer\u00eda cuidamos de tu imagen y bienestar en el coraz\u00f3n del barrio. Somos una peluquer\u00eda mixta comprometida con la calidad, la cercan\u00eda y, desde hace algunos a\u00f1os, con una belleza m\u00e1s saludable y consciente. Especialistas [&hellip;]","og_url":"https:\/\/peluqueriamorea.es\/eu\/","og_site_name":"Peluqueria Morea","article_modified_time":"2026-03-03T11:45:54+00:00","og_image":[{"url":"https:\/\/peluqueriamorea.es\/wp-content\/uploads\/2025\/06\/ChatGPT-Image-9-de-jun.-de-2025-17_03_31.png","type":"","width":"","height":""}],"twitter_card":"summary_large_image","twitter_misc":{"Est. reading time":"1 minutua"},"schema":{"@context":"https:\/\/schema.org","@graph":[{"@type":"WebPage","@id":"https:\/\/peluqueriamorea.es\/","url":"https:\/\/peluqueriamorea.es\/","name":"Inicio - Peluqueria Morea","isPartOf":{"@id":"https:\/\/peluqueriamorea.es\/#website"},"primaryImageOfPage":{"@id":"https:\/\/peluqueriamorea.es\/#primaryimage"},"image":{"@id":"https:\/\/peluqueriamorea.es\/#primaryimage"},"thumbnailUrl":"https:\/\/peluqueriamorea.es\/wp-content\/uploads\/2025\/06\/ChatGPT-Image-9-de-jun.-de-2025-17_03_31.png","datePublished":"2025-06-06T14:54:51+00:00","dateModified":"2026-03-03T11:45:54+00:00","breadcrumb":{"@id":"https:\/\/peluqueriamorea.es\/#breadcrumb"},"inLanguage":"eu","potentialAction":[{"@type":"ReadAction","target":["https:\/\/peluqueriamorea.es\/"]}]},{"@type":"ImageObject","inLanguage":"eu","@id":"https:\/\/peluqueriamorea.es\/#primaryimage","url":"https:\/\/peluqueriamorea.es\/wp-content\/uploads\/2025\/06\/ChatGPT-Image-9-de-jun.-de-2025-17_03_31.png","contentUrl":"https:\/\/peluqueriamorea.es\/wp-content\/uploads\/2025\/06\/ChatGPT-Image-9-de-jun.-de-2025-17_03_31.png"},{"@type":"BreadcrumbList","@id":"https:\/\/peluqueriamorea.es\/#breadcrumb","itemListElement":[{"@type":"ListItem","position":1,"name":"Portada","item":"https:\/\/peluqueriamorea.es\/"},{"@type":"ListItem","position":2,"name":"Inicio"}]},{"@type":"WebSite","@id":"https:\/\/peluqueriamorea.es\/#website","url":"https:\/\/peluqueriamorea.es\/","name":"Peluqueria Morea","description":"","publisher":{"@id":"https:\/\/peluqueriamorea.es\/#organization"},"potentialAction":[{"@type":"SearchAction","target":{"@type":"EntryPoint","urlTemplate":"https:\/\/peluqueriamorea.es\/?s={search_term_string}"},"query-input":{"@type":"PropertyValueSpecification","valueRequired":true,"valueName":"search_term_string"}}],"inLanguage":"eu"},{"@type":"Organization","@id":"https:\/\/peluqueriamorea.es\/#organization","name":"Peluqueria Morea","url":"https:\/\/peluqueriamorea.es\/","logo":{"@type":"ImageObject","inLanguage":"eu","@id":"https:\/\/peluqueriamorea.es\/#\/schema\/logo\/image\/","url":"https:\/\/peluqueriamorea.es\/wp-content\/uploads\/2025\/06\/cropped-ChatGPT-Image-6-de-jun.-de-2025-17_22_33.png","contentUrl":"https:\/\/peluqueriamorea.es\/wp-content\/uploads\/2025\/06\/cropped-ChatGPT-Image-6-de-jun.-de-2025-17_22_33.png","width":799,"height":760,"caption":"Peluqueria Morea"},"image":{"@id":"https:\/\/peluqueriamorea.es\/#\/schema\/logo\/image\/"}}]}},"_links":{"self":[{"href":"https:\/\/peluqueriamorea.es\/eu\/wp-json\/wp\/v2\/pages\/2","targetHints":{"allow":["GET"]}}],"collection":[{"href":"https:\/\/peluqueriamorea.es\/eu\/wp-json\/wp\/v2\/pages"}],"about":[{"href":"https:\/\/peluqueriamorea.es\/eu\/wp-json\/wp\/v2\/types\/page"}],"author":[{"embeddable":true,"href":"https:\/\/peluqueriamorea.es\/eu\/wp-json\/wp\/v2\/users\/1"}],"replies":[{"embeddable":true,"href":"https:\/\/peluqueriamorea.es\/eu\/wp-json\/wp\/v2\/comments?post=2"}],"version-history":[{"count":61,"href":"https:\/\/peluqueriamorea.es\/eu\/wp-json\/wp\/v2\/pages\/2\/revisions"}],"predecessor-version":[{"id":319,"href":"https:\/\/peluqueriamorea.es\/eu\/wp-json\/wp\/v2\/pages\/2\/revisions\/319"}],"wp:attachment":[{"href":"https:\/\/peluqueriamorea.es\/eu\/wp-json\/wp\/v2\/media?parent=2"}],"curies":[{"name":"wp","href":"https:\/\/api.w.org\/{rel}","templated":true}]}}