{"id":19,"date":"2025-06-06T15:33:49","date_gmt":"2025-06-06T15:33:49","guid":{"rendered":"https:\/\/peluqueriamorea.rkinformatika.online\/?page_id=19"},"modified":"2026-03-03T11:46:20","modified_gmt":"2026-03-03T11:46:20","slug":"servicios","status":"publish","type":"page","link":"https:\/\/peluqueriamorea.es\/eu\/servicios\/","title":{"rendered":"Zerbitzuak"},"content":{"rendered":"<div data-elementor-type=\"wp-page\" data-elementor-id=\"19\" class=\"elementor elementor-19\" data-elementor-post-type=\"page\">\n\t\t\t\t\t\t<section class=\"elementor-section elementor-top-section elementor-element elementor-element-7c0c927 elementor-section-boxed elementor-section-height-default elementor-section-height-default\" data-id=\"7c0c927\" data-element_type=\"section\" data-e-type=\"section\" data-settings=\"{&quot;background_background&quot;:&quot;classic&quot;}\">\n\t\t\t\t\t\t<div class=\"elementor-container elementor-column-gap-default\">\n\t\t\t\t\t<div class=\"elementor-column elementor-col-100 elementor-top-column elementor-element elementor-element-12ddbb5\" data-id=\"12ddbb5\" data-element_type=\"column\" data-e-type=\"column\">\n\t\t\t<div class=\"elementor-widget-wrap elementor-element-populated\">\n\t\t\t\t\t\t<section class=\"elementor-section elementor-inner-section elementor-element elementor-element-2ca1668 elementor-section-boxed elementor-section-height-default elementor-section-height-default\" data-id=\"2ca1668\" data-element_type=\"section\" data-e-type=\"section\">\n\t\t\t\t\t\t<div class=\"elementor-container elementor-column-gap-default\">\n\t\t\t\t\t<div class=\"elementor-column elementor-col-100 elementor-inner-column elementor-element elementor-element-8e29af6\" data-id=\"8e29af6\" data-element_type=\"column\" data-e-type=\"column\">\n\t\t\t<div class=\"elementor-widget-wrap elementor-element-populated\">\n\t\t\t\t\t\t<div class=\"elementor-element elementor-element-c442d8c animated-slow elementor-invisible elementor-widget elementor-widget-heading\" data-id=\"c442d8c\" data-element_type=\"widget\" data-e-type=\"widget\" data-settings=\"{&quot;_animation&quot;:&quot;fadeIn&quot;}\" data-widget_type=\"heading.default\">\n\t\t\t\t<div class=\"elementor-widget-container\">\n\t\t\t\t\t<h1 class=\"elementor-heading-title elementor-size-default\">Cuidamos tu cabello con estilo y productos ecol\u00f3gicos.<\/h1>\t\t\t\t<\/div>\n\t\t\t\t<\/div>\n\t\t\t\t\t<\/div>\n\t\t<\/div>\n\t\t\t\t\t<\/div>\n\t\t<\/section>\n\t\t\t\t<section class=\"elementor-section elementor-inner-section elementor-element elementor-element-4022ce1 elementor-section-boxed elementor-section-height-default elementor-section-height-default\" data-id=\"4022ce1\" data-element_type=\"section\" data-e-type=\"section\">\n\t\t\t\t\t\t<div class=\"elementor-container elementor-column-gap-default\">\n\t\t\t\t\t<div class=\"elementor-column elementor-col-33 elementor-inner-column elementor-element elementor-element-44932f8\" data-id=\"44932f8\" data-element_type=\"column\" data-e-type=\"column\">\n\t\t\t<div class=\"elementor-widget-wrap elementor-element-populated\">\n\t\t\t\t\t\t<div class=\"elementor-element elementor-element-640916c elementor-widget elementor-widget-image\" data-id=\"640916c\" data-element_type=\"widget\" data-e-type=\"widget\" data-widget_type=\"image.default\">\n\t\t\t\t<div class=\"elementor-widget-container\">\n\t\t\t\t\t\t\t\t\t\t\t\t\t\t\t<img fetchpriority=\"high\" decoding=\"async\" width=\"200\" height=\"300\" src=\"https:\/\/peluqueriamorea.es\/wp-content\/uploads\/2025\/06\/hairdressers-1-200x300.jpg\" class=\"attachment-medium size-medium wp-image-255\" alt=\"Hairdressers\" srcset=\"https:\/\/peluqueriamorea.es\/wp-content\/uploads\/2025\/06\/hairdressers-1-200x300.jpg 200w, https:\/\/peluqueriamorea.es\/wp-content\/uploads\/2025\/06\/hairdressers-1-684x1024.jpg 684w, https:\/\/peluqueriamorea.es\/wp-content\/uploads\/2025\/06\/hairdressers-1-768x1151.jpg 768w, https:\/\/peluqueriamorea.es\/wp-content\/uploads\/2025\/06\/hairdressers-1-1025x1536.jpg 1025w, https:\/\/peluqueriamorea.es\/wp-content\/uploads\/2025\/06\/hairdressers-1-8x12.jpg 8w, https:\/\/peluqueriamorea.es\/wp-content\/uploads\/2025\/06\/hairdressers-1.jpg 1335w\" sizes=\"(max-width: 200px) 100vw, 200px\" \/>\t\t\t\t\t\t\t\t\t\t\t\t\t\t\t<\/div>\n\t\t\t\t<\/div>\n\t\t\t\t<div class=\"elementor-element elementor-element-647ec08 elementor-widget elementor-widget-heading\" data-id=\"647ec08\" data-element_type=\"widget\" data-e-type=\"widget\" data-widget_type=\"heading.default\">\n\t\t\t\t<div class=\"elementor-widget-container\">\n\t\t\t\t\t<h2 class=\"elementor-heading-title elementor-size-default\">Peinados para cada ocasi\u00f3n<\/h2>\t\t\t\t<\/div>\n\t\t\t\t<\/div>\n\t\t\t\t<div class=\"elementor-element elementor-element-9838069 elementor-widget elementor-widget-text-editor\" data-id=\"9838069\" data-element_type=\"widget\" data-e-type=\"widget\" data-widget_type=\"text-editor.default\">\n\t\t\t\t<div class=\"elementor-widget-container\">\n\t\t\t\t\t\t\t\t\t<p data-start=\"131\" data-end=\"264\">Peinados personalizados para tu d\u00eda a d\u00eda o eventos especiales como bodas, comuniones y celebraciones. Siempre adaptados a tu estilo.<\/p>\t\t\t\t\t\t\t\t<\/div>\n\t\t\t\t<\/div>\n\t\t\t\t\t<\/div>\n\t\t<\/div>\n\t\t\t\t<div class=\"elementor-column elementor-col-33 elementor-inner-column elementor-element elementor-element-3416086\" data-id=\"3416086\" data-element_type=\"column\" data-e-type=\"column\">\n\t\t\t<div class=\"elementor-widget-wrap elementor-element-populated\">\n\t\t\t\t\t\t<div class=\"elementor-element elementor-element-7ac8a05 elementor-widget elementor-widget-image\" data-id=\"7ac8a05\" data-element_type=\"widget\" data-e-type=\"widget\" data-widget_type=\"image.default\">\n\t\t\t\t<div class=\"elementor-widget-container\">\n\t\t\t\t\t\t\t\t\t\t\t\t\t\t\t<img decoding=\"async\" width=\"200\" height=\"300\" src=\"https:\/\/peluqueriamorea.es\/wp-content\/uploads\/2025\/06\/hairdresser-cutting-a-customers-hair-at-the-hairdressers-200x300.jpg\" class=\"attachment-medium size-medium wp-image-260\" alt=\"Hairdresser cutting a customers hair at the hairdressers\" srcset=\"https:\/\/peluqueriamorea.es\/wp-content\/uploads\/2025\/06\/hairdresser-cutting-a-customers-hair-at-the-hairdressers-200x300.jpg 200w, https:\/\/peluqueriamorea.es\/wp-content\/uploads\/2025\/06\/hairdresser-cutting-a-customers-hair-at-the-hairdressers-682x1024.jpg 682w, https:\/\/peluqueriamorea.es\/wp-content\/uploads\/2025\/06\/hairdresser-cutting-a-customers-hair-at-the-hairdressers-768x1152.jpg 768w, https:\/\/peluqueriamorea.es\/wp-content\/uploads\/2025\/06\/hairdresser-cutting-a-customers-hair-at-the-hairdressers-1024x1536.jpg 1024w, https:\/\/peluqueriamorea.es\/wp-content\/uploads\/2025\/06\/hairdresser-cutting-a-customers-hair-at-the-hairdressers-8x12.jpg 8w, https:\/\/peluqueriamorea.es\/wp-content\/uploads\/2025\/06\/hairdresser-cutting-a-customers-hair-at-the-hairdressers.jpg 1333w\" sizes=\"(max-width: 200px) 100vw, 200px\" \/>\t\t\t\t\t\t\t\t\t\t\t\t\t\t\t<\/div>\n\t\t\t\t<\/div>\n\t\t\t\t<div class=\"elementor-element elementor-element-24bf96d elementor-widget elementor-widget-heading\" data-id=\"24bf96d\" data-element_type=\"widget\" data-e-type=\"widget\" data-widget_type=\"heading.default\">\n\t\t\t\t<div class=\"elementor-widget-container\">\n\t\t\t\t\t<h2 class=\"elementor-heading-title elementor-size-default\">Cortes<\/h2>\t\t\t\t<\/div>\n\t\t\t\t<\/div>\n\t\t\t\t<div class=\"elementor-element elementor-element-61572b8 elementor-widget elementor-widget-text-editor\" data-id=\"61572b8\" data-element_type=\"widget\" data-e-type=\"widget\" data-widget_type=\"text-editor.default\">\n\t\t\t\t<div class=\"elementor-widget-container\">\n\t\t\t\t\t\t\t\t\t<p>Cortes modernos, cl\u00e1sicos o totalmente a tu gusto. Nos adaptamos a ti para que te sientas c\u00f3mod@ y renovad@.<\/p>\t\t\t\t\t\t\t\t<\/div>\n\t\t\t\t<\/div>\n\t\t\t\t\t<\/div>\n\t\t<\/div>\n\t\t\t\t<div class=\"elementor-column elementor-col-33 elementor-inner-column elementor-element elementor-element-045fdeb\" data-id=\"045fdeb\" data-element_type=\"column\" data-e-type=\"column\">\n\t\t\t<div class=\"elementor-widget-wrap elementor-element-populated\">\n\t\t\t\t\t\t<div class=\"elementor-element elementor-element-b99b793 elementor-widget elementor-widget-image\" data-id=\"b99b793\" data-element_type=\"widget\" data-e-type=\"widget\" data-widget_type=\"image.default\">\n\t\t\t\t<div class=\"elementor-widget-container\">\n\t\t\t\t\t\t\t\t\t\t\t\t\t\t\t<img decoding=\"async\" width=\"200\" height=\"300\" src=\"https:\/\/peluqueriamorea.es\/wp-content\/uploads\/2025\/06\/c-200x300.jpg\" class=\"attachment-medium size-medium wp-image-286\" alt=\"\" srcset=\"https:\/\/peluqueriamorea.es\/wp-content\/uploads\/2025\/06\/c-200x300.jpg 200w, https:\/\/peluqueriamorea.es\/wp-content\/uploads\/2025\/06\/c-682x1024.jpg 682w, https:\/\/peluqueriamorea.es\/wp-content\/uploads\/2025\/06\/c-768x1152.jpg 768w, https:\/\/peluqueriamorea.es\/wp-content\/uploads\/2025\/06\/c-1024x1536.jpg 1024w, https:\/\/peluqueriamorea.es\/wp-content\/uploads\/2025\/06\/c-8x12.jpg 8w, https:\/\/peluqueriamorea.es\/wp-content\/uploads\/2025\/06\/c.jpg 1333w\" sizes=\"(max-width: 200px) 100vw, 200px\" \/>\t\t\t\t\t\t\t\t\t\t\t\t\t\t\t<\/div>\n\t\t\t\t<\/div>\n\t\t\t\t<div class=\"elementor-element elementor-element-ce14a2e elementor-widget elementor-widget-heading\" data-id=\"ce14a2e\" data-element_type=\"widget\" data-e-type=\"widget\" data-widget_type=\"heading.default\">\n\t\t\t\t<div class=\"elementor-widget-container\">\n\t\t\t\t\t<h2 class=\"elementor-heading-title elementor-size-default\">Colores ecol\u00f3gicos<\/h2>\t\t\t\t<\/div>\n\t\t\t\t<\/div>\n\t\t\t\t<div class=\"elementor-element elementor-element-450d598 elementor-widget elementor-widget-text-editor\" data-id=\"450d598\" data-element_type=\"widget\" data-e-type=\"widget\" data-widget_type=\"text-editor.default\">\n\t\t\t\t<div class=\"elementor-widget-container\">\n\t\t\t\t\t\t\t\t\t<p>Tintes y mechas con productos ecol\u00f3gicos que respetan tu cabello y el medio ambiente, sin renunciar a un resultado espectacular.<\/p>\t\t\t\t\t\t\t\t<\/div>\n\t\t\t\t<\/div>\n\t\t\t\t\t<\/div>\n\t\t<\/div>\n\t\t\t\t\t<\/div>\n\t\t<\/section>\n\t\t\t\t<section class=\"elementor-section elementor-inner-section elementor-element elementor-element-2a3c06b elementor-section-boxed elementor-section-height-default elementor-section-height-default\" data-id=\"2a3c06b\" data-element_type=\"section\" data-e-type=\"section\">\n\t\t\t\t\t\t<div class=\"elementor-container elementor-column-gap-default\">\n\t\t\t\t\t<div class=\"elementor-column elementor-col-50 elementor-inner-column elementor-element elementor-element-7148fb2\" data-id=\"7148fb2\" data-element_type=\"column\" data-e-type=\"column\">\n\t\t\t<div class=\"elementor-widget-wrap elementor-element-populated\">\n\t\t\t\t\t\t<div class=\"elementor-element elementor-element-f8f3c94 elementor-widget elementor-widget-image\" data-id=\"f8f3c94\" data-element_type=\"widget\" data-e-type=\"widget\" data-widget_type=\"image.default\">\n\t\t\t\t<div class=\"elementor-widget-container\">\n\t\t\t\t\t\t\t\t\t\t\t\t\t\t\t<img loading=\"lazy\" decoding=\"async\" width=\"200\" height=\"300\" src=\"https:\/\/peluqueriamorea.es\/wp-content\/uploads\/2025\/06\/Design-sem-nome-1-200x300.jpg\" class=\"attachment-medium size-medium wp-image-279\" alt=\"\" srcset=\"https:\/\/peluqueriamorea.es\/wp-content\/uploads\/2025\/06\/Design-sem-nome-1-200x300.jpg 200w, https:\/\/peluqueriamorea.es\/wp-content\/uploads\/2025\/06\/Design-sem-nome-1-682x1024.jpg 682w, https:\/\/peluqueriamorea.es\/wp-content\/uploads\/2025\/06\/Design-sem-nome-1-768x1152.jpg 768w, https:\/\/peluqueriamorea.es\/wp-content\/uploads\/2025\/06\/Design-sem-nome-1-1024x1536.jpg 1024w, https:\/\/peluqueriamorea.es\/wp-content\/uploads\/2025\/06\/Design-sem-nome-1-8x12.jpg 8w, https:\/\/peluqueriamorea.es\/wp-content\/uploads\/2025\/06\/Design-sem-nome-1.jpg 1333w\" sizes=\"(max-width: 200px) 100vw, 200px\" \/>\t\t\t\t\t\t\t\t\t\t\t\t\t\t\t<\/div>\n\t\t\t\t<\/div>\n\t\t\t\t<div class=\"elementor-element elementor-element-9fec982 elementor-widget elementor-widget-heading\" data-id=\"9fec982\" data-element_type=\"widget\" data-e-type=\"widget\" data-widget_type=\"heading.default\">\n\t\t\t\t<div class=\"elementor-widget-container\">\n\t\t\t\t\t<h2 class=\"elementor-heading-title elementor-size-default\">Tratamientos capilares<\/h2>\t\t\t\t<\/div>\n\t\t\t\t<\/div>\n\t\t\t\t<div class=\"elementor-element elementor-element-901a9f8 elementor-widget elementor-widget-text-editor\" data-id=\"901a9f8\" data-element_type=\"widget\" data-e-type=\"widget\" data-widget_type=\"text-editor.default\">\n\t\t\t\t<div class=\"elementor-widget-container\">\n\t\t\t\t\t\t\t\t\t<p>Tratamientos naturales para nutrir, reparar y fortalecer tu melena. Tu cabello sano y brillante como nunca.<\/p>\t\t\t\t\t\t\t\t<\/div>\n\t\t\t\t<\/div>\n\t\t\t\t\t<\/div>\n\t\t<\/div>\n\t\t\t\t<div class=\"elementor-column elementor-col-50 elementor-inner-column elementor-element elementor-element-f9865f8\" data-id=\"f9865f8\" data-element_type=\"column\" data-e-type=\"column\">\n\t\t\t<div class=\"elementor-widget-wrap elementor-element-populated\">\n\t\t\t\t\t\t<div class=\"elementor-element elementor-element-22f5dc7 elementor-widget elementor-widget-image\" data-id=\"22f5dc7\" data-element_type=\"widget\" data-e-type=\"widget\" data-widget_type=\"image.default\">\n\t\t\t\t<div class=\"elementor-widget-container\">\n\t\t\t\t\t\t\t\t\t\t\t\t\t\t\t<img loading=\"lazy\" decoding=\"async\" width=\"200\" height=\"300\" src=\"https:\/\/peluqueriamorea.es\/wp-content\/uploads\/2025\/06\/d-200x300.jpg\" class=\"attachment-medium size-medium wp-image-290\" alt=\"\" srcset=\"https:\/\/peluqueriamorea.es\/wp-content\/uploads\/2025\/06\/d-200x300.jpg 200w, https:\/\/peluqueriamorea.es\/wp-content\/uploads\/2025\/06\/d-682x1024.jpg 682w, https:\/\/peluqueriamorea.es\/wp-content\/uploads\/2025\/06\/d-768x1152.jpg 768w, https:\/\/peluqueriamorea.es\/wp-content\/uploads\/2025\/06\/d-1024x1536.jpg 1024w, https:\/\/peluqueriamorea.es\/wp-content\/uploads\/2025\/06\/d-8x12.jpg 8w, https:\/\/peluqueriamorea.es\/wp-content\/uploads\/2025\/06\/d.jpg 1333w\" sizes=\"(max-width: 200px) 100vw, 200px\" \/>\t\t\t\t\t\t\t\t\t\t\t\t\t\t\t<\/div>\n\t\t\t\t<\/div>\n\t\t\t\t<div class=\"elementor-element elementor-element-a4c5ecf elementor-widget elementor-widget-heading\" data-id=\"a4c5ecf\" data-element_type=\"widget\" data-e-type=\"widget\" data-widget_type=\"heading.default\">\n\t\t\t\t<div class=\"elementor-widget-container\">\n\t\t\t\t\t<h2 class=\"elementor-heading-title elementor-size-default\">Etxez etxeko zerbitzua<\/h2>\t\t\t\t<\/div>\n\t\t\t\t<\/div>\n\t\t\t\t<div class=\"elementor-element elementor-element-6b77245 elementor-widget elementor-widget-text-editor\" data-id=\"6b77245\" data-element_type=\"widget\" data-e-type=\"widget\" data-widget_type=\"text-editor.default\">\n\t\t\t\t<div class=\"elementor-widget-container\">\n\t\t\t\t\t\t\t\t\t<p>\u00bfNo puedes venir al sal\u00f3n? Vamos a ti. Lleva la peluquer\u00eda a casa con nuestro servicio personalizado a domicilio.<\/p>\t\t\t\t\t\t\t\t<\/div>\n\t\t\t\t<\/div>\n\t\t\t\t\t<\/div>\n\t\t<\/div>\n\t\t\t\t\t<\/div>\n\t\t<\/section>\n\t\t\t\t\t<\/div>\n\t\t<\/div>\n\t\t\t\t\t<\/div>\n\t\t<\/section>\n\t\t<div class=\"elementor-element elementor-element-779d154 e-flex e-con-boxed e-con e-parent\" data-id=\"779d154\" data-element_type=\"container\" data-e-type=\"container\" data-settings=\"{&quot;background_background&quot;:&quot;classic&quot;}\">\n\t\t\t\t\t<div class=\"e-con-inner\">\n\t\t\t\t<div class=\"elementor-element elementor-element-ed6849d elementor-invisible elementor-widget elementor-widget-heading\" data-id=\"ed6849d\" data-element_type=\"widget\" data-e-type=\"widget\" data-settings=\"{&quot;_animation&quot;:&quot;fadeInDown&quot;}\" data-widget_type=\"heading.default\">\n\t\t\t\t<div class=\"elementor-widget-container\">\n\t\t\t\t\t<h3 class=\"elementor-heading-title elementor-size-default\">\u00a1Cont\u00e1ctanos y reserva tu cita hoy!<\/h3>\t\t\t\t<\/div>\n\t\t\t\t<\/div>\n\t\t\t\t<div class=\"elementor-element elementor-element-fbca116 elementor-align-center elementor-widget elementor-widget-button\" data-id=\"fbca116\" data-element_type=\"widget\" data-e-type=\"widget\" data-widget_type=\"button.default\">\n\t\t\t\t<div class=\"elementor-widget-container\">\n\t\t\t\t\t\t\t\t\t<div class=\"elementor-button-wrapper\">\n\t\t\t\t\t<a class=\"elementor-button elementor-button-link elementor-size-sm\" href=\"https:\/\/wa.link\/th1kic\" target=\"_blank\">\n\t\t\t\t\t\t<span class=\"elementor-button-content-wrapper\">\n\t\t\t\t\t\t\t\t\t<span class=\"elementor-button-text\">Haz tu cita con un clic<\/span>\n\t\t\t\t\t<\/span>\n\t\t\t\t\t<\/a>\n\t\t\t\t<\/div>\n\t\t\t\t\t\t\t\t<\/div>\n\t\t\t\t<\/div>\n\t\t\t\t\t<\/div>\n\t\t\t\t<\/div>\n\t\t\t\t<\/div>","protected":false},"excerpt":{"rendered":"<p>Cuidamos tu cabello con estilo y productos ecol\u00f3gicos. Peinados para cada ocasi\u00f3n Peinados personalizados para tu d\u00eda a d\u00eda o eventos especiales como bodas, comuniones y celebraciones. Siempre adaptados a tu estilo. Cortes Cortes modernos, cl\u00e1sicos o totalmente a tu gusto. Nos adaptamos a ti para que te sientas c\u00f3mod@ y renovad@. Colores ecol\u00f3gicos Tintes [&hellip;]<\/p>\n","protected":false},"author":1,"featured_media":0,"parent":0,"menu_order":0,"comment_status":"closed","ping_status":"closed","template":"elementor_canvas","meta":{"footnotes":""},"class_list":["post-19","page","type-page","status-publish","hentry"],"yoast_head":"<!-- This site is optimized with the Yoast SEO plugin v27.3 - https:\/\/yoast.com\/product\/yoast-seo-wordpress\/ -->\n<title>Servicios - Peluqueria Morea<\/title>\n<meta name=\"robots\" content=\"index, follow, max-snippet:-1, max-image-preview:large, max-video-preview:-1\" \/>\n<link rel=\"canonical\" href=\"https:\/\/peluqueriamorea.es\/eu\/servicios\/\" \/>\n<meta property=\"og:locale\" content=\"en_US\" \/>\n<meta property=\"og:type\" content=\"article\" \/>\n<meta property=\"og:title\" content=\"Servicios - Peluqueria Morea\" \/>\n<meta property=\"og:description\" content=\"Cuidamos tu cabello con estilo y productos ecol\u00f3gicos. Peinados para cada ocasi\u00f3n Peinados personalizados para tu d\u00eda a d\u00eda o eventos especiales como bodas, comuniones y celebraciones. Siempre adaptados a tu estilo. Cortes Cortes modernos, cl\u00e1sicos o totalmente a tu gusto. Nos adaptamos a ti para que te sientas c\u00f3mod@ y renovad@. Colores ecol\u00f3gicos Tintes [&hellip;]\" \/>\n<meta property=\"og:url\" content=\"https:\/\/peluqueriamorea.es\/eu\/servicios\/\" \/>\n<meta property=\"og:site_name\" content=\"Peluqueria Morea\" \/>\n<meta property=\"article:modified_time\" content=\"2026-03-03T11:46:20+00:00\" \/>\n<meta property=\"og:image\" content=\"https:\/\/peluqueriamorea.es\/wp-content\/uploads\/2025\/06\/hairdressers-1.jpg\" \/>\n\t<meta property=\"og:image:width\" content=\"1335\" \/>\n\t<meta property=\"og:image:height\" content=\"2000\" \/>\n\t<meta property=\"og:image:type\" content=\"image\/jpeg\" \/>\n<meta name=\"twitter:card\" content=\"summary_large_image\" \/>\n<meta name=\"twitter:label1\" content=\"Est. reading time\" \/>\n\t<meta name=\"twitter:data1\" content=\"2 minutua\" \/>\n<script type=\"application\/ld+json\" class=\"yoast-schema-graph\">{\"@context\":\"https:\\\/\\\/schema.org\",\"@graph\":[{\"@type\":\"WebPage\",\"@id\":\"https:\\\/\\\/peluqueriamorea.es\\\/servicios\\\/\",\"url\":\"https:\\\/\\\/peluqueriamorea.es\\\/servicios\\\/\",\"name\":\"Servicios - Peluqueria Morea\",\"isPartOf\":{\"@id\":\"https:\\\/\\\/peluqueriamorea.es\\\/#website\"},\"primaryImageOfPage\":{\"@id\":\"https:\\\/\\\/peluqueriamorea.es\\\/servicios\\\/#primaryimage\"},\"image\":{\"@id\":\"https:\\\/\\\/peluqueriamorea.es\\\/servicios\\\/#primaryimage\"},\"thumbnailUrl\":\"https:\\\/\\\/peluqueriamorea.es\\\/wp-content\\\/uploads\\\/2025\\\/06\\\/hairdressers-1-200x300.jpg\",\"datePublished\":\"2025-06-06T15:33:49+00:00\",\"dateModified\":\"2026-03-03T11:46:20+00:00\",\"breadcrumb\":{\"@id\":\"https:\\\/\\\/peluqueriamorea.es\\\/servicios\\\/#breadcrumb\"},\"inLanguage\":\"eu\",\"potentialAction\":[{\"@type\":\"ReadAction\",\"target\":[\"https:\\\/\\\/peluqueriamorea.es\\\/servicios\\\/\"]}]},{\"@type\":\"ImageObject\",\"inLanguage\":\"eu\",\"@id\":\"https:\\\/\\\/peluqueriamorea.es\\\/servicios\\\/#primaryimage\",\"url\":\"https:\\\/\\\/peluqueriamorea.es\\\/wp-content\\\/uploads\\\/2025\\\/06\\\/hairdressers-1-200x300.jpg\",\"contentUrl\":\"https:\\\/\\\/peluqueriamorea.es\\\/wp-content\\\/uploads\\\/2025\\\/06\\\/hairdressers-1-200x300.jpg\"},{\"@type\":\"BreadcrumbList\",\"@id\":\"https:\\\/\\\/peluqueriamorea.es\\\/servicios\\\/#breadcrumb\",\"itemListElement\":[{\"@type\":\"ListItem\",\"position\":1,\"name\":\"Portada\",\"item\":\"https:\\\/\\\/peluqueriamorea.es\\\/\"},{\"@type\":\"ListItem\",\"position\":2,\"name\":\"Servicios\"}]},{\"@type\":\"WebSite\",\"@id\":\"https:\\\/\\\/peluqueriamorea.es\\\/#website\",\"url\":\"https:\\\/\\\/peluqueriamorea.es\\\/\",\"name\":\"Peluqueria Morea\",\"description\":\"\",\"publisher\":{\"@id\":\"https:\\\/\\\/peluqueriamorea.es\\\/#organization\"},\"potentialAction\":[{\"@type\":\"SearchAction\",\"target\":{\"@type\":\"EntryPoint\",\"urlTemplate\":\"https:\\\/\\\/peluqueriamorea.es\\\/?s={search_term_string}\"},\"query-input\":{\"@type\":\"PropertyValueSpecification\",\"valueRequired\":true,\"valueName\":\"search_term_string\"}}],\"inLanguage\":\"eu\"},{\"@type\":\"Organization\",\"@id\":\"https:\\\/\\\/peluqueriamorea.es\\\/#organization\",\"name\":\"Peluqueria Morea\",\"url\":\"https:\\\/\\\/peluqueriamorea.es\\\/\",\"logo\":{\"@type\":\"ImageObject\",\"inLanguage\":\"eu\",\"@id\":\"https:\\\/\\\/peluqueriamorea.es\\\/#\\\/schema\\\/logo\\\/image\\\/\",\"url\":\"https:\\\/\\\/peluqueriamorea.es\\\/wp-content\\\/uploads\\\/2025\\\/06\\\/cropped-ChatGPT-Image-6-de-jun.-de-2025-17_22_33.png\",\"contentUrl\":\"https:\\\/\\\/peluqueriamorea.es\\\/wp-content\\\/uploads\\\/2025\\\/06\\\/cropped-ChatGPT-Image-6-de-jun.-de-2025-17_22_33.png\",\"width\":799,\"height\":760,\"caption\":\"Peluqueria Morea\"},\"image\":{\"@id\":\"https:\\\/\\\/peluqueriamorea.es\\\/#\\\/schema\\\/logo\\\/image\\\/\"}}]}<\/script>\n<!-- \/ Yoast SEO plugin. -->","yoast_head_json":{"title":"Servicios - Peluqueria Morea","robots":{"index":"index","follow":"follow","max-snippet":"max-snippet:-1","max-image-preview":"max-image-preview:large","max-video-preview":"max-video-preview:-1"},"canonical":"https:\/\/peluqueriamorea.es\/eu\/servicios\/","og_locale":"en_US","og_type":"article","og_title":"Servicios - Peluqueria Morea","og_description":"Cuidamos tu cabello con estilo y productos ecol\u00f3gicos. Peinados para cada ocasi\u00f3n Peinados personalizados para tu d\u00eda a d\u00eda o eventos especiales como bodas, comuniones y celebraciones. Siempre adaptados a tu estilo. Cortes Cortes modernos, cl\u00e1sicos o totalmente a tu gusto. Nos adaptamos a ti para que te sientas c\u00f3mod@ y renovad@. Colores ecol\u00f3gicos Tintes [&hellip;]","og_url":"https:\/\/peluqueriamorea.es\/eu\/servicios\/","og_site_name":"Peluqueria Morea","article_modified_time":"2026-03-03T11:46:20+00:00","og_image":[{"width":1335,"height":2000,"url":"https:\/\/peluqueriamorea.es\/wp-content\/uploads\/2025\/06\/hairdressers-1.jpg","type":"image\/jpeg"}],"twitter_card":"summary_large_image","twitter_misc":{"Est. reading time":"2 minutua"},"schema":{"@context":"https:\/\/schema.org","@graph":[{"@type":"WebPage","@id":"https:\/\/peluqueriamorea.es\/servicios\/","url":"https:\/\/peluqueriamorea.es\/servicios\/","name":"Servicios - Peluqueria Morea","isPartOf":{"@id":"https:\/\/peluqueriamorea.es\/#website"},"primaryImageOfPage":{"@id":"https:\/\/peluqueriamorea.es\/servicios\/#primaryimage"},"image":{"@id":"https:\/\/peluqueriamorea.es\/servicios\/#primaryimage"},"thumbnailUrl":"https:\/\/peluqueriamorea.es\/wp-content\/uploads\/2025\/06\/hairdressers-1-200x300.jpg","datePublished":"2025-06-06T15:33:49+00:00","dateModified":"2026-03-03T11:46:20+00:00","breadcrumb":{"@id":"https:\/\/peluqueriamorea.es\/servicios\/#breadcrumb"},"inLanguage":"eu","potentialAction":[{"@type":"ReadAction","target":["https:\/\/peluqueriamorea.es\/servicios\/"]}]},{"@type":"ImageObject","inLanguage":"eu","@id":"https:\/\/peluqueriamorea.es\/servicios\/#primaryimage","url":"https:\/\/peluqueriamorea.es\/wp-content\/uploads\/2025\/06\/hairdressers-1-200x300.jpg","contentUrl":"https:\/\/peluqueriamorea.es\/wp-content\/uploads\/2025\/06\/hairdressers-1-200x300.jpg"},{"@type":"BreadcrumbList","@id":"https:\/\/peluqueriamorea.es\/servicios\/#breadcrumb","itemListElement":[{"@type":"ListItem","position":1,"name":"Portada","item":"https:\/\/peluqueriamorea.es\/"},{"@type":"ListItem","position":2,"name":"Servicios"}]},{"@type":"WebSite","@id":"https:\/\/peluqueriamorea.es\/#website","url":"https:\/\/peluqueriamorea.es\/","name":"Peluqueria Morea","description":"","publisher":{"@id":"https:\/\/peluqueriamorea.es\/#organization"},"potentialAction":[{"@type":"SearchAction","target":{"@type":"EntryPoint","urlTemplate":"https:\/\/peluqueriamorea.es\/?s={search_term_string}"},"query-input":{"@type":"PropertyValueSpecification","valueRequired":true,"valueName":"search_term_string"}}],"inLanguage":"eu"},{"@type":"Organization","@id":"https:\/\/peluqueriamorea.es\/#organization","name":"Peluqueria Morea","url":"https:\/\/peluqueriamorea.es\/","logo":{"@type":"ImageObject","inLanguage":"eu","@id":"https:\/\/peluqueriamorea.es\/#\/schema\/logo\/image\/","url":"https:\/\/peluqueriamorea.es\/wp-content\/uploads\/2025\/06\/cropped-ChatGPT-Image-6-de-jun.-de-2025-17_22_33.png","contentUrl":"https:\/\/peluqueriamorea.es\/wp-content\/uploads\/2025\/06\/cropped-ChatGPT-Image-6-de-jun.-de-2025-17_22_33.png","width":799,"height":760,"caption":"Peluqueria Morea"},"image":{"@id":"https:\/\/peluqueriamorea.es\/#\/schema\/logo\/image\/"}}]}},"_links":{"self":[{"href":"https:\/\/peluqueriamorea.es\/eu\/wp-json\/wp\/v2\/pages\/19","targetHints":{"allow":["GET"]}}],"collection":[{"href":"https:\/\/peluqueriamorea.es\/eu\/wp-json\/wp\/v2\/pages"}],"about":[{"href":"https:\/\/peluqueriamorea.es\/eu\/wp-json\/wp\/v2\/types\/page"}],"author":[{"embeddable":true,"href":"https:\/\/peluqueriamorea.es\/eu\/wp-json\/wp\/v2\/users\/1"}],"replies":[{"embeddable":true,"href":"https:\/\/peluqueriamorea.es\/eu\/wp-json\/wp\/v2\/comments?post=19"}],"version-history":[{"count":70,"href":"https:\/\/peluqueriamorea.es\/eu\/wp-json\/wp\/v2\/pages\/19\/revisions"}],"predecessor-version":[{"id":322,"href":"https:\/\/peluqueriamorea.es\/eu\/wp-json\/wp\/v2\/pages\/19\/revisions\/322"}],"wp:attachment":[{"href":"https:\/\/peluqueriamorea.es\/eu\/wp-json\/wp\/v2\/media?parent=19"}],"curies":[{"name":"wp","href":"https:\/\/api.w.org\/{rel}","templated":true}]}}